{"id":493,"date":"2022-09-19T08:21:38","date_gmt":"2022-09-19T12:21:38","guid":{"rendered":"https:\/\/www.alto-design.com\/carrieres\/"},"modified":"2024-08-09T22:25:24","modified_gmt":"2024-08-10T02:25:24","slug":"careers","status":"publish","type":"page","link":"https:\/\/www.alto-design.com\/en\/careers\/","title":{"rendered":"Careers"},"content":{"rendered":"    <section class=\"job-offers || counter bg-primary different-background\" id=\"\">\r\n        <div class=\"wrapper\">\r\n            <div class=\"separator || row\">\r\n    <p class=\"separator__counter || uppercase text-h6 col-3 slg:col-2 lg:col-12\"><\/p>\r\n\r\n    <h3 class=\"separator__subtitle || uppercase text-h6 col-5 slg:col-6 lg:col-12\"><p>Job offers<\/p>\n<\/h3>\r\n\r\n    <\/div>\r\n            <div class=\"flex-col\">\r\n                \r\n<div class=\"heading || row flex\">\r\n    <p class=\"heading__job || relative uppercase col-offset-3 col-5 slg:col-offset-2 lg:col-offset-0 lg:col-6\">Job<\/p>\r\n    <p class=\"heading__department || relative uppercase col-4 slg:col-5 lg:col-6\">Department<\/p>\r\n<\/div>\r\n                    <div class=\"job-offer__card card\">\r\n        <div class=\"card__question || row relative\">\r\n            <p class=\"card__job || relative uppercase lg:col-6 col-offset-3 col-5 slg:col-offset-2 lg:col-offset-0\">NO POSITIONS CURRENTLY AVAILABLE<\/p>\r\n            <p class=\"card__department relative || uppercase lg:col-6 col-4 slg:col-5\"><\/p>\r\n            <span class=\"card__icon\">\r\n                <svg width=\"6\" height=\"6\" viewBox=\"0 0 6 6\" fill=\"none\" xmlns=\"http:\/\/www.w3.org\/2000\/svg\">\r\n<path d=\"M3 5.60922L4.36697e-07 0.390776L6 0.390776L3 5.60922Z\" fill=\"#202626\"\/>\r\n<\/svg>\r\n            <\/span>\r\n        <\/div>\r\n\r\n        <div class=\"card__answer || row flex\">\r\n            <div class=\"card__description || relative lg:col-12 col-offset-3 col-5 slg:col-offset-2 lg:col-offset-0\">\r\n                <div class=\"wysi \">\r\n    <p>We currently have no open positions. Thank you for your interest. Follow us on social networks to stay informed of our next offers!<\/p>\n<\/div>\r\n            <\/div>\r\n            <div class=\"card__tasks || relative lg:col-12 col-4 slg:col-5\">\r\n                <div class=\"wysi \">\r\n    <\/div>\r\n            <\/div>\r\n        <\/div>\r\n\r\n    <\/div>\r\n            <\/div>\r\n        <\/div>\r\n    <\/section>\r\n\n\n\r\n\r\n<section id=\"\" class=\"text-image counter\">\r\n    <div class=\"wrapper\">\r\n        <div class=\"separator || row\">\r\n    <p class=\"separator__counter || uppercase text-h6 col-3 slg:col-2 lg:col-12\"><\/p>\r\n\r\n    <h3 class=\"separator__subtitle || uppercase text-h6 col-5 slg:col-6 lg:col-12\"><p>Spontaneous application<\/p>\n<\/h3>\r\n\r\n    <\/div>\r\n        <div class=\"row items-center relative force-reverse justify-end\">\r\n            <div class=\"text-image__description col-offset-1 col-5 slg:col-6 lg:col-offset-0 lg:col-12\">\r\n                <div class=\"wysi \">\r\n    <h2>Haven&#8217;t found a job that suits you?<\/h2>\n<p>Although we don&#8217;t always have openings, we&#8217;re always keen to discover new talent who share our passion for innovation and product development. Alto actively supports the development of industrial design disciplines through its involvement with various associations and universities. Contact us to tell us about your background and ambitions.<\/p>\n<a class=\"cta--main\" href=\"mailto:test@test.com\" target=\"_blank\" rel=\"noopener\"><span class=\"cta__text\">Contact us<\/span><\/a>\n<\/div>\r\n            <\/div>\r\n            <div class=\"col-5 lg:col-12\">\r\n                <div class=\"text-image__image\">\r\n                    <div class=\"container-image parallax-container \" style=\"padding-bottom: 130.69577080491%\">\n    <img decoding=\"async\"\n        class=\"ratio-image parallax-container-image\"\n        src=\"https:\/\/b2895708.smushcdn.com\/2895708\/wp-content\/uploads\/2024\/06\/ALTO-design-agency_career_-1.jpg?lossy=1&strip=1&webp=1\"\n                srcset=\"https:\/\/b2895708.smushcdn.com\/2895708\/wp-content\/uploads\/2024\/06\/ALTO-design-agency_career_-1.jpg?lossy=1&strip=1&webp=1 1756w, https:\/\/b2895708.smushcdn.com\/2895708\/wp-content\/uploads\/2024\/06\/ALTO-design-agency_career_-1-782x1024.jpg?lossy=1&strip=1&webp=1 782w, https:\/\/b2895708.smushcdn.com\/2895708\/wp-content\/uploads\/2024\/06\/ALTO-design-agency_career_-1-825x1080.jpg?lossy=1&strip=1&webp=1 825w, https:\/\/b2895708.smushcdn.com\/2895708\/wp-content\/uploads\/2024\/06\/ALTO-design-agency_career_-1-611x800.jpg?lossy=1&strip=1&webp=1 611w, https:\/\/b2895708.smushcdn.com\/2895708\/wp-content\/uploads\/2024\/06\/ALTO-design-agency_career_-1-768x1006.jpg?lossy=1&strip=1&webp=1 768w, https:\/\/b2895708.smushcdn.com\/2895708\/wp-content\/uploads\/2024\/06\/ALTO-design-agency_career_-1-1173x1536.jpg?lossy=1&strip=1&webp=1 1173w, https:\/\/b2895708.smushcdn.com\/2895708\/wp-content\/uploads\/2024\/06\/ALTO-design-agency_career_-1-1564x2048.jpg?lossy=1&strip=1&webp=1 1564w, https:\/\/b2895708.smushcdn.com\/2895708\/wp-content\/uploads\/2024\/06\/ALTO-design-agency_career_-1-1280x1677.jpg?lossy=1&strip=1&webp=1 1280w, https:\/\/b2895708.smushcdn.com\/2895708\/wp-content\/uploads\/2024\/06\/ALTO-design-agency_career_-1-1024x1341.jpg?lossy=1&strip=1&webp=1 1024w, https:\/\/b2895708.smushcdn.com\/2895708\/wp-content\/uploads\/2024\/06\/ALTO-design-agency_career_-1-900x1179.jpg?lossy=1&strip=1&webp=1 900w, https:\/\/b2895708.smushcdn.com\/2895708\/wp-content\/uploads\/2024\/06\/ALTO-design-agency_career_-1-600x786.jpg?lossy=1&strip=1&webp=1 600w, https:\/\/b2895708.smushcdn.com\/2895708\/wp-content\/uploads\/2024\/06\/ALTO-design-agency_career_-1-300x393.jpg?lossy=1&strip=1&webp=1 300w\"\n                alt=\"A person with short hair sits at a desk facing away, with large French words like CR\u00c9ATIVIT\u00c9, COLLABORATION, and AGILIT\u00c9 on the wall of a modern office\u2014perfect for an agence de d\u00e9veloppement de produits au Canada.\" loading=\"lazy\">\n<\/div>\n                <\/div>\r\n            <\/div>\r\n        <\/div>\r\n    <\/div>\r\n<\/section>\r\n\n\n    <section class=\"text-two-columns ||  counter\" id=\"\">\r\n        <div class=\"wrapper\">\r\n            <div class=\"separator || row\">\r\n    <p class=\"separator__counter || uppercase text-h6 col-3 slg:col-2 lg:col-12\"><\/p>\r\n\r\n    <h3 class=\"separator__subtitle || uppercase text-h6 col-5 slg:col-6 lg:col-12\"><p>A career with Alto<\/p>\n<\/h3>\r\n\r\n    <\/div>\r\n            <div class=\"row\">\r\n                <div class=\"col-8 col-offset-3 slg:col-offset-2 slg:col-10 lg:col-offset-0 lg:col-12\">\r\n                    <h2 class=\"uppercase\"><p>A career at ALTO means taking pride in creating innovation at every stage of product development<\/p>\n<\/h2>\r\n                <\/div>\r\n                <div class=\"text-two-columns__wysi || flex col-6 col-offset-3 mlg:col-8 slg:col-10 slg:col-offset-2 lg:col-offset-0 lg:col-12 sm:block\">\r\n                    <div class=\"wysi w-50 sm:w-full\">\r\n    <p>At Alto, no two days are alike: our designers have the opportunity to work on audacious projects of varying scales and sectors for prestigious clients. Our team is made up of talented, empathetic people who dare to experiment and are curious to learn from others.<\/p>\n<\/div>\r\n<div class=\"wysi w-50 sm:w-full\">\r\n    <p>Our team can also count on an exclusive network of partners with complementary expertise. Establishing a partnership with Alto is a serious mark of trust, built up over many years of experience and based on shared values. Contact us if you would like to discuss the possibility of a partnership.<\/p>\n<\/div>\r\n                <\/div>\r\n            <\/div>\r\n        <\/div>\r\n    <\/section>\r\n\n\n    <section class=\"carousel carousel--main counter\" id=\"\">\r\n        <div class=\"wrapper\">\r\n            <div class=\"separator || row\">\r\n    <p class=\"separator__counter || uppercase text-h6 col-3 slg:col-2 lg:col-12\"><\/p>\r\n\r\n    <h3 class=\"separator__subtitle || uppercase text-h6 col-5 slg:col-6 lg:col-12\"><p>Our offices<\/p>\n<\/h3>\r\n\r\n    <\/div>\r\n                            <div class=\"carousel__description || row\">\r\n                    <div class=\"col-3 col-offset-3 slg:col-6 slg:col-offset-2 lg:col-8 lg:col-offset-0 sm:col-12\">\r\n                        <div class=\"wysi \">\r\n    <p>Our offices, located in the heart of Technop\u00f4le Angus, offer a setting conducive to creativity in a vibrant neighborhood close to all amenities and public transport.<\/p>\n<\/div>\r\n                    <\/div>\r\n                <\/div>\r\n                        <div class=\"row\">\r\n                <div class=\"swiper swiper--main || flex col-9 col-offset-3 slg:col-offset-2 slg:col-10 lg:col-offset-0 lg:col-12\">\r\n                    <div class=\"swiper-wrapper\">\r\n                        \r\n                            <a data-fancybox=\"gallery\" data-slide-width=\"1.6720091585575\" class=\"swiper-slide carousel__slide || relative || \" href=\"https:\/\/b2895708.smushcdn.com\/2895708\/wp-content\/uploads\/2024\/06\/ALTO-design-agency_career_2.jpg?lossy=1&strip=1&webp=1\" title=\"Show image\">\r\n                                <div class=\"container-image  \" style=\"padding-bottom: 100%\">\n    <img decoding=\"async\"\n        class=\"ratio-image \"\n        src=\"https:\/\/b2895708.smushcdn.com\/2895708\/wp-content\/uploads\/2024\/06\/ALTO-design-agency_career_2.jpg?lossy=1&strip=1&webp=1\"\n                srcset=\"https:\/\/b2895708.smushcdn.com\/2895708\/wp-content\/uploads\/2024\/06\/ALTO-design-agency_career_2.jpg?lossy=1&strip=1&webp=1 5842w, https:\/\/b2895708.smushcdn.com\/2895708\/wp-content\/uploads\/2024\/06\/ALTO-design-agency_career_2-1024x612.jpg?lossy=1&strip=1&webp=1 1024w, https:\/\/b2895708.smushcdn.com\/2895708\/wp-content\/uploads\/2024\/06\/ALTO-design-agency_career_2-1806x1080.jpg?lossy=1&strip=1&webp=1 1806w, https:\/\/b2895708.smushcdn.com\/2895708\/wp-content\/uploads\/2024\/06\/ALTO-design-agency_career_2-800x478.jpg?lossy=1&strip=1&webp=1 800w, https:\/\/b2895708.smushcdn.com\/2895708\/wp-content\/uploads\/2024\/06\/ALTO-design-agency_career_2-768x459.jpg?lossy=1&strip=1&webp=1 768w, https:\/\/b2895708.smushcdn.com\/2895708\/wp-content\/uploads\/2024\/06\/ALTO-design-agency_career_2-1536x919.jpg?lossy=1&strip=1&webp=1 1536w, https:\/\/b2895708.smushcdn.com\/2895708\/wp-content\/uploads\/2024\/06\/ALTO-design-agency_career_2-2048x1225.jpg?lossy=1&strip=1&webp=1 2048w, https:\/\/b2895708.smushcdn.com\/2895708\/wp-content\/uploads\/2024\/06\/ALTO-design-agency_career_2-1920x1148.jpg?lossy=1&strip=1&webp=1 1920w, https:\/\/b2895708.smushcdn.com\/2895708\/wp-content\/uploads\/2024\/06\/ALTO-design-agency_career_2-1280x766.jpg?lossy=1&strip=1&webp=1 1280w, https:\/\/b2895708.smushcdn.com\/2895708\/wp-content\/uploads\/2024\/06\/ALTO-design-agency_career_2-900x538.jpg?lossy=1&strip=1&webp=1 900w, https:\/\/b2895708.smushcdn.com\/2895708\/wp-content\/uploads\/2024\/06\/ALTO-design-agency_career_2-600x359.jpg?lossy=1&strip=1&webp=1 600w, https:\/\/b2895708.smushcdn.com\/2895708\/wp-content\/uploads\/2024\/06\/ALTO-design-agency_career_2-300x179.jpg?lossy=1&strip=1&webp=1 300w\"\n                alt=\"Modern open-plan office with large windows, indoor plants, and high ceilings. Two people work at desks with computer monitors, while another person walks past\u2014an inspiring Agence de d\u00e9veloppement de produits \u00e0 Montr\u00e9al workspace.\" loading=\"lazy\">\n<\/div>\n                            <\/a>\r\n\r\n                        \r\n                            <a data-fancybox=\"gallery\" data-slide-width=\"1.6717315606204\" class=\"swiper-slide carousel__slide || relative || \" href=\"https:\/\/b2895708.smushcdn.com\/2895708\/wp-content\/uploads\/2024\/06\/ALTO-design-agency_career_1.jpg?lossy=1&strip=1&webp=1\" title=\"Show image\">\r\n                                <div class=\"container-image  \" style=\"padding-bottom: 100%\">\n    <img decoding=\"async\"\n        class=\"ratio-image \"\n        src=\"https:\/\/b2895708.smushcdn.com\/2895708\/wp-content\/uploads\/2024\/06\/ALTO-design-agency_career_1.jpg?lossy=1&strip=1&webp=1\"\n                srcset=\"https:\/\/b2895708.smushcdn.com\/2895708\/wp-content\/uploads\/2024\/06\/ALTO-design-agency_career_1.jpg?lossy=1&strip=1&webp=1 5281w, https:\/\/b2895708.smushcdn.com\/2895708\/wp-content\/uploads\/2024\/06\/ALTO-design-agency_career_1-1024x613.jpg?lossy=1&strip=1&webp=1 1024w, https:\/\/b2895708.smushcdn.com\/2895708\/wp-content\/uploads\/2024\/06\/ALTO-design-agency_career_1-1805x1080.jpg?lossy=1&strip=1&webp=1 1805w, https:\/\/b2895708.smushcdn.com\/2895708\/wp-content\/uploads\/2024\/06\/ALTO-design-agency_career_1-800x479.jpg?lossy=1&strip=1&webp=1 800w, https:\/\/b2895708.smushcdn.com\/2895708\/wp-content\/uploads\/2024\/06\/ALTO-design-agency_career_1-768x459.jpg?lossy=1&strip=1&webp=1 768w, https:\/\/b2895708.smushcdn.com\/2895708\/wp-content\/uploads\/2024\/06\/ALTO-design-agency_career_1-1536x919.jpg?lossy=1&strip=1&webp=1 1536w, https:\/\/b2895708.smushcdn.com\/2895708\/wp-content\/uploads\/2024\/06\/ALTO-design-agency_career_1-2048x1225.jpg?lossy=1&strip=1&webp=1 2048w, https:\/\/b2895708.smushcdn.com\/2895708\/wp-content\/uploads\/2024\/06\/ALTO-design-agency_career_1-1920x1149.jpg?lossy=1&strip=1&webp=1 1920w, https:\/\/b2895708.smushcdn.com\/2895708\/wp-content\/uploads\/2024\/06\/ALTO-design-agency_career_1-1280x766.jpg?lossy=1&strip=1&webp=1 1280w, https:\/\/b2895708.smushcdn.com\/2895708\/wp-content\/uploads\/2024\/06\/ALTO-design-agency_career_1-900x538.jpg?lossy=1&strip=1&webp=1 900w, https:\/\/b2895708.smushcdn.com\/2895708\/wp-content\/uploads\/2024\/06\/ALTO-design-agency_career_1-600x359.jpg?lossy=1&strip=1&webp=1 600w, https:\/\/b2895708.smushcdn.com\/2895708\/wp-content\/uploads\/2024\/06\/ALTO-design-agency_career_1-300x179.jpg?lossy=1&strip=1&webp=1 300w\"\n                alt=\"A modern office space with colorful seating and bold wall graphics, reflecting a leading agence de d\u00e9veloppement de produits \u00e0 Montr\u00e9al. A person rides a bicycle indoors, while another works at a desk beneath the bright ALTO sign.\" loading=\"lazy\">\n<\/div>\n                            <\/a>\r\n\r\n                        \r\n                            <a data-fancybox=\"gallery\" data-slide-width=\"1.6718659734258\" class=\"swiper-slide carousel__slide || relative || \" href=\"https:\/\/b2895708.smushcdn.com\/2895708\/wp-content\/uploads\/2024\/06\/ALTO-design-agency_career_3.jpg?lossy=1&strip=1&webp=1\" title=\"Show image\">\r\n                                <div class=\"container-image  \" style=\"padding-bottom: 100%\">\n    <img decoding=\"async\"\n        class=\"ratio-image \"\n        src=\"https:\/\/b2895708.smushcdn.com\/2895708\/wp-content\/uploads\/2024\/06\/ALTO-design-agency_career_3.jpg?lossy=1&strip=1&webp=1\"\n                srcset=\"https:\/\/b2895708.smushcdn.com\/2895708\/wp-content\/uploads\/2024\/06\/ALTO-design-agency_career_3.jpg?lossy=1&strip=1&webp=1 5788w, https:\/\/b2895708.smushcdn.com\/2895708\/wp-content\/uploads\/2024\/06\/ALTO-design-agency_career_3-1024x612.jpg?lossy=1&strip=1&webp=1 1024w, https:\/\/b2895708.smushcdn.com\/2895708\/wp-content\/uploads\/2024\/06\/ALTO-design-agency_career_3-1806x1080.jpg?lossy=1&strip=1&webp=1 1806w, https:\/\/b2895708.smushcdn.com\/2895708\/wp-content\/uploads\/2024\/06\/ALTO-design-agency_career_3-800x479.jpg?lossy=1&strip=1&webp=1 800w, https:\/\/b2895708.smushcdn.com\/2895708\/wp-content\/uploads\/2024\/06\/ALTO-design-agency_career_3-768x459.jpg?lossy=1&strip=1&webp=1 768w, https:\/\/b2895708.smushcdn.com\/2895708\/wp-content\/uploads\/2024\/06\/ALTO-design-agency_career_3-1536x919.jpg?lossy=1&strip=1&webp=1 1536w, https:\/\/b2895708.smushcdn.com\/2895708\/wp-content\/uploads\/2024\/06\/ALTO-design-agency_career_3-2048x1225.jpg?lossy=1&strip=1&webp=1 2048w, https:\/\/b2895708.smushcdn.com\/2895708\/wp-content\/uploads\/2024\/06\/ALTO-design-agency_career_3-1920x1148.jpg?lossy=1&strip=1&webp=1 1920w, https:\/\/b2895708.smushcdn.com\/2895708\/wp-content\/uploads\/2024\/06\/ALTO-design-agency_career_3-1280x766.jpg?lossy=1&strip=1&webp=1 1280w, https:\/\/b2895708.smushcdn.com\/2895708\/wp-content\/uploads\/2024\/06\/ALTO-design-agency_career_3-900x538.jpg?lossy=1&strip=1&webp=1 900w, https:\/\/b2895708.smushcdn.com\/2895708\/wp-content\/uploads\/2024\/06\/ALTO-design-agency_career_3-600x359.jpg?lossy=1&strip=1&webp=1 600w, https:\/\/b2895708.smushcdn.com\/2895708\/wp-content\/uploads\/2024\/06\/ALTO-design-agency_career_3-300x179.jpg?lossy=1&strip=1&webp=1 300w\"\n                alt=\"Two people work at desks in a modern open-plan office of an agence de d\u00e9veloppement de produits \u00e0 Montr\u00e9al, with large windows, exposed brick walls, computer monitors, office chairs, and plants. Natural light fills the space.\" loading=\"lazy\">\n<\/div>\n                            <\/a>\r\n\r\n                                            <\/div>\r\n                <\/div>\r\n            <\/div>\r\n        <\/div>\r\n    <\/section>\r\n\n\n    <section class=\"wysiwyg\">\r\n        <div class=\"wrapper\">\r\n            <div class=\"row\">\r\n                <div class=\"col-6 col-offset-3 mlg:col-8 mlg:col-offset-2 lg:col-12 lg:col-offset-0\">\r\n                    <div class=\"wysi \">\r\n    <p>Follow us on <a href=\"https:\/\/www.linkedin.com\/company\/alto-design\/mycompany\/\">our Linkedin page<\/a> and <a href=\"https:\/\/www.instagram.com\/alto.design\/\">our instagram page<\/a> to stay informed of our next offers!<\/p>\n<\/div>\r\n                                            <div class=\"share\">\r\n    <p class=\"share__title || subtitle uppercase\">Share:<\/p>\r\n    <div class=\"flex items-center\">\r\n        <a class=\"share__button items-center justify-center relative flex share__button--facebook\" rel=\"noopener\" href=\"http:\/\/www.facebook.com\/sharer.php?u=https:\/\/www.alto-design.com\/en\/careers\/\" target=\"_blank\" onclick=\"window.open(this.href, 'targetWindow', 'toolbar=no,location=no,status=no,menubar=no,scrollbars=yes,resizable=yes,width=800,height=600'); return false;\" title=\"Partager sur Facebook\">\r\n            <svg width=\"10\" height=\"18\" viewBox=\"0 0 10 18\" fill=\"none\" xmlns=\"http:\/\/www.w3.org\/2000\/svg\">\r\n<path d=\"M9.03516 10.125L9.52734 6.89062H6.39844V4.78125C6.39844 3.86719 6.82031 3.02344 8.22656 3.02344H9.66797V0.246094C9.66797 0.246094 8.36719 0 7.13672 0C4.57031 0 2.88281 1.58203 2.88281 4.39453V6.89062H0V10.125H2.88281V18H6.39844V10.125H9.03516Z\" fill=\"#202626\"\/>\r\n<\/svg>\r\n        <\/a>\r\n        <a class=\"share__button items-center justify-center relative flex linkedin\" href=\"https:\/\/www.linkedin.com\/shareArticle?mini=true&#038;url=https:\/\/www.alto-design.com\/en\/careers\/\" target=\"_blank\" onclick=\"window.open(this.href, 'targetWindow', 'toolbar=no,location=no,status=no,menubar=no,scrollbars=yes,resizable=yes,width=800,height=600'); return false;\" title=\"Partager sur LinkedIn\">\r\n            <svg width=\"19\" height=\"18\" viewBox=\"0 0 19 18\" fill=\"none\" xmlns=\"http:\/\/www.w3.org\/2000\/svg\">\r\n<path d=\"M4.69481 18V5.95973H0.949848V18H4.69481ZM2.8022 4.34899C4.01025 4.34899 4.97669 3.34228 4.97669 2.13423C4.97669 0.966443 4.01025 0 2.8022 0C1.63441 0 0.667969 0.966443 0.667969 2.13423C0.667969 3.34228 1.63441 4.34899 2.8022 4.34899ZM18.668 18H18.7082V11.396C18.7082 8.1745 17.9834 5.67785 14.1982 5.67785C12.3861 5.67785 11.178 6.68456 10.6545 7.61074H10.6143V5.95973H7.03038V18H10.7754V12.0403C10.7754 10.4698 11.0572 8.97987 12.9901 8.97987C14.923 8.97987 14.9633 10.7517 14.9633 12.1611V18H18.668Z\" fill=\"#202626\"\/>\r\n<\/svg>\r\n        <\/a>\r\n                    <a class=\"share__button items-center justify-center relative flex button__share--email\" href=\"mailto:?subject=Alto design&amp;body=Reconnue \u00e0 l\u2019international, Alto design est une firme montr\u00e9alaise de d\u00e9veloppement de produits depuis pr\u00e8s de 40 ans.\r\nInternationally recognized, Alto design is a Montreal-based firm that has been designing and developing products for 40 years.: https:\/\/www.alto-design.com\/en\/careers\/\" target=\"_blank\" title=\"Partager via courriel\">\r\n                <svg width=\"20\" height=\"14\" viewBox=\"0 0 20 14\" fill=\"none\" xmlns=\"http:\/\/www.w3.org\/2000\/svg\">\r\n<path d=\"M19.0101 4.63021C18.1715 5.28646 17.1143 6.08854 13.3955 8.78646C12.6663 9.33333 11.3174 10.5365 10.0413 10.5365C8.72884 10.5365 7.41634 9.33333 6.65072 8.78646C2.93197 6.08854 1.87467 5.28646 1.03613 4.63021C0.890299 4.52083 0.708008 4.63021 0.708008 4.8125V12.25C0.708008 13.2344 1.47363 14 2.45801 14H17.6247C18.5726 14 19.3747 13.2344 19.3747 12.25V4.8125C19.3747 4.63021 19.1559 4.52083 19.0101 4.63021ZM10.0413 9.33333C10.8799 9.36979 12.083 8.27604 12.7028 7.83854C17.5518 4.33854 17.9163 4.01042 19.0101 3.13542C19.2288 2.98958 19.3747 2.73438 19.3747 2.44271V1.75C19.3747 0.802083 18.5726 0 17.6247 0H2.45801C1.47363 0 0.708008 0.802083 0.708008 1.75V2.44271C0.708008 2.73438 0.817383 2.98958 1.03613 3.13542C2.12988 4.01042 2.49447 4.33854 7.34342 7.83854C7.96322 8.27604 9.16634 9.36979 10.0413 9.33333Z\" fill=\"#202626\"\/>\r\n<\/svg>\r\n            <\/a>\r\n            <\/div>\r\n<\/div>\r\n                                    <\/div>\r\n            <\/div>\r\n    <\/section>\r\n\n\n    <div class=\"cta-footer || background-gray block w-full\" id=\"\">\r\n        <div class=\"wrapper\">\r\n            <div class=\"row\">\r\n                <div class=\"cta-footer__subtitle || col-2 lg:col-12\">\r\n                                            <h6 class=\"uppercase\">READY TO STAND OUT FROM THE CROWD?<\/h6>\r\n                                    <\/div>\r\n                <div class=\"col-8 col-offset-1 slg:col-9 slg:col-offset-0 lg:col-12\">\r\n                    <a href=\"https:\/\/www.alto-design.com\/en\/contact\/\" target=\"\" class=\"cta-footer__hitbox\">\r\n                        <h2 class=\"cta-footer__title || text-h1 relative uppercase cta--underline--white inline\">DISCUSS A PROJECT<\/h2>\r\n                    <\/a>\r\n                <\/div>\r\n            <\/div>\r\n        <\/div>\r\n    <\/div>\r\n","protected":false},"excerpt":{"rendered":"","protected":false},"author":1,"featured_media":3881,"parent":0,"menu_order":0,"comment_status":"closed","ping_status":"closed","template":"template-hero-image-description.php","meta":{"_acf_changed":true,"inline_featured_image":false,"footnotes":""},"class_list":["post-493","page","type-page","status-publish","has-post-thumbnail","hentry"],"acf":[],"_links":{"self":[{"href":"https:\/\/www.alto-design.com\/en\/wp-json\/wp\/v2\/pages\/493","targetHints":{"allow":["GET"]}}],"collection":[{"href":"https:\/\/www.alto-design.com\/en\/wp-json\/wp\/v2\/pages"}],"about":[{"href":"https:\/\/www.alto-design.com\/en\/wp-json\/wp\/v2\/types\/page"}],"author":[{"embeddable":true,"href":"https:\/\/www.alto-design.com\/en\/wp-json\/wp\/v2\/users\/1"}],"replies":[{"embeddable":true,"href":"https:\/\/www.alto-design.com\/en\/wp-json\/wp\/v2\/comments?post=493"}],"version-history":[{"count":0,"href":"https:\/\/www.alto-design.com\/en\/wp-json\/wp\/v2\/pages\/493\/revisions"}],"wp:featuredmedia":[{"embeddable":true,"href":"https:\/\/www.alto-design.com\/en\/wp-json\/wp\/v2\/media\/3881"}],"wp:attachment":[{"href":"https:\/\/www.alto-design.com\/en\/wp-json\/wp\/v2\/media?parent=493"}],"curies":[{"name":"wp","href":"https:\/\/api.w.org\/{rel}","templated":true}]}}